{"id":3455,"date":"2019-10-29T04:14:46","date_gmt":"2019-10-29T04:14:46","guid":{"rendered":"http:\/\/themes.themegoods.com\/avante\/?page_id=3455"},"modified":"2022-10-24T13:57:48","modified_gmt":"2022-10-24T13:57:48","slug":"blog","status":"publish","type":"page","link":"https:\/\/skillhill.fi\/fi\/blogit\/","title":{"rendered":"Blogi"},"content":{"rendered":"<div data-elementor-type=\"wp-page\" data-elementor-id=\"3455\" class=\"elementor elementor-3455\">\n\t\t\t\t\t\t<section class=\"elementor-section elementor-top-section elementor-element elementor-element-d423306 elementor-section-stretched elementor-section-height-min-height elementor-section-content-middle elementor-section-boxed elementor-section-height-default elementor-section-items-middle\" data-id=\"d423306\" data-element_type=\"section\" data-e-type=\"section\" data-settings=\"{&quot;stretch_section&quot;:&quot;section-stretched&quot;,&quot;background_background&quot;:&quot;classic&quot;}\">\n\t\t\t\t\t\t<div class=\"elementor-container elementor-column-gap-default\">\n\t\t\t\t\t<div class=\"elementor-column elementor-col-100 elementor-top-column elementor-element elementor-element-429edca\" data-id=\"429edca\" data-element_type=\"column\" data-e-type=\"column\" data-settings=\"{&quot;avante_ext_is_scrollme&quot;:&quot;false&quot;,&quot;avante_ext_is_smoove&quot;:&quot;false&quot;,&quot;avante_ext_is_parallax_mouse&quot;:&quot;false&quot;,&quot;avante_ext_is_infinite&quot;:&quot;false&quot;}\">\n\t\t\t<div class=\"elementor-widget-wrap elementor-element-populated\">\n\t\t\t\t\t\t<div class=\"elementor-element elementor-element-8a23dc3 elementor-widget elementor-widget-heading\" data-id=\"8a23dc3\" data-element_type=\"widget\" data-e-type=\"widget\" data-settings=\"{&quot;avante_ext_is_scrollme&quot;:&quot;false&quot;,&quot;avante_ext_is_parallax_mouse&quot;:&quot;false&quot;,&quot;avante_ext_is_infinite&quot;:&quot;false&quot;}\" data-widget_type=\"heading.default\">\n\t\t\t\t<div class=\"elementor-widget-container\">\n\t\t\t\t\t<span class=\"elementor-heading-title elementor-size-default\">Uutiset<\/span>\t\t\t\t<\/div>\n\t\t\t\t<\/div>\n\t\t\t\t<div class=\"elementor-element elementor-element-0377a19 elementor-widget elementor-widget-heading\" data-id=\"0377a19\" data-element_type=\"widget\" data-e-type=\"widget\" data-settings=\"{&quot;avante_ext_is_scrollme&quot;:&quot;false&quot;,&quot;avante_ext_is_smoove&quot;:&quot;false&quot;,&quot;avante_ext_is_parallax_mouse&quot;:&quot;false&quot;,&quot;avante_ext_is_infinite&quot;:&quot;false&quot;}\" data-widget_type=\"heading.default\">\n\t\t\t\t<div class=\"elementor-widget-container\">\n\t\t\t\t\t<h1 class=\"elementor-heading-title elementor-size-default\">BLOGI<\/h1>\t\t\t\t<\/div>\n\t\t\t\t<\/div>\n\t\t\t\t\t<\/div>\n\t\t<\/div>\n\t\t\t\t\t<\/div>\n\t\t<\/section>\n\t\t\t\t<section class=\"elementor-section elementor-top-section elementor-element elementor-element-f152b61 elementor-section-fullwidth elementor-section-height-default elementor-section-height-default\" data-id=\"f152b61\" data-element_type=\"section\" data-e-type=\"section\">\n\t\t\t\t\t\t<div class=\"elementor-container elementor-column-gap-default\">\n\t\t\t\t\t<div class=\"elementor-column elementor-col-100 elementor-top-column elementor-element elementor-element-8223f91\" data-id=\"8223f91\" data-element_type=\"column\" data-e-type=\"column\" data-settings=\"{&quot;avante_ext_is_scrollme&quot;:&quot;false&quot;,&quot;avante_ext_is_smoove&quot;:&quot;false&quot;,&quot;avante_ext_is_parallax_mouse&quot;:&quot;false&quot;,&quot;avante_ext_is_infinite&quot;:&quot;false&quot;}\">\n\t\t\t<div class=\"elementor-widget-wrap elementor-element-populated\">\n\t\t\t\t\t\t<div class=\"elementor-element elementor-element-aa806ed elementor-widget elementor-widget-heading\" data-id=\"aa806ed\" data-element_type=\"widget\" data-e-type=\"widget\" data-settings=\"{&quot;avante_ext_is_scrollme&quot;:&quot;false&quot;,&quot;avante_ext_is_smoove&quot;:&quot;false&quot;,&quot;avante_ext_is_parallax_mouse&quot;:&quot;false&quot;,&quot;avante_ext_is_infinite&quot;:&quot;false&quot;}\" data-widget_type=\"heading.default\">\n\t\t\t\t<div class=\"elementor-widget-container\">\n\t\t\t\t\t<h2 class=\"elementor-heading-title elementor-size-default\">Tervetuloa blogiimme!<\/h2>\t\t\t\t<\/div>\n\t\t\t\t<\/div>\n\t\t\t\t<div class=\"elementor-element elementor-element-11aabfc elementor-widget elementor-widget-text-editor\" data-id=\"11aabfc\" data-element_type=\"widget\" data-e-type=\"widget\" data-settings=\"{&quot;avante_ext_is_scrollme&quot;:&quot;false&quot;,&quot;avante_ext_is_smoove&quot;:&quot;false&quot;,&quot;avante_ext_is_parallax_mouse&quot;:&quot;false&quot;,&quot;avante_ext_is_infinite&quot;:&quot;false&quot;}\" data-widget_type=\"text-editor.default\">\n\t\t\t\t<div class=\"elementor-widget-container\">\n\t\t\t\t\t\t\t\t\t<p>T\u00e4\u00e4lt\u00e4 l\u00f6yd\u00e4t viimeisimm\u00e4t ammattijulkaisumme. Inspiroidu vinkeist\u00e4mme sek\u00e4 ajatuksistamme modernista liike-el\u00e4m\u00e4st\u00e4.<br><\/p>\t\t\t\t\t\t\t\t<\/div>\n\t\t\t\t<\/div>\n\t\t\t\t<div class=\"elementor-element elementor-element-31c48e8 elementor-widget elementor-widget-avante-blog-posts\" data-id=\"31c48e8\" data-element_type=\"widget\" data-e-type=\"widget\" data-settings=\"{&quot;avante_ext_is_scrollme&quot;:&quot;false&quot;,&quot;avante_ext_is_smoove&quot;:&quot;false&quot;,&quot;avante_ext_is_parallax_mouse&quot;:&quot;false&quot;,&quot;avante_ext_is_infinite&quot;:&quot;false&quot;}\" data-widget_type=\"avante-blog-posts.default\">\n\t\t\t\t<div class=\"elementor-widget-container\">\n\t\t\t\t\t<div class=\"blog-post-content-wrapper layout-classic\">\n\n<!-- Begin each blog post -->\n<div class=\"blog-posts-classic post-7053 post type-post status-publish format-standard has-post-thumbnail hentry category-entrepreneur\">\n\n\t<div class=\"post-wrapper\">\n\t\t\n\t\t\t\t    <div class=\"post-featured-image static\">\n\t\t\t    \t\t\t    <div class=\"post-featured-image-hover classic\">\n\t\t\t     \t\t\t\t\t     <img decoding=\"async\"  src=\"https:\/\/skillhill.fi\/wp-content\/uploads\/2020\/07\/tim-van-der-kuip-CPs2X8JYmS8-unsplash-960x604.jpg\" class=\"smoove disable_tablet\" alt=\"\"\/>\n\t\t\t\t     \t\t\t     \t\t\t\t     \t<a href=\"https:\/\/skillhill.fi\/fi\/customer-satisfaction-vs-customer-loyalty\/\"><\/a>\n\t\t\t    <\/div>\n\t\t    <\/div>\n\t\t\t    \n\t    <div class=\"post-content-wrapper text-\">\n\t\t    \n\t\t    <div class=\"post-header\">\n\t\t\t    \t\t\t    <div class=\"post-detail single-post\">\n\t\t\t\t    \n\t\t\t    \t<span class=\"post-info-cat\">\n\t\t\t\t\t\t\t\t\t\t\t\t      \t<a href=\"https:\/\/skillhill.fi\/fi\/category\/entrepreneur\/\">Entrepreneur<\/a>\n\t\t\t\t\t\t\t\t\t    \t<\/span>\n\t\t\t \t<\/div>\n\t\t\t \t\t\t\t\t<div class=\"post-header-title\">\n\t\t\t\t    <h5><a href=\"https:\/\/skillhill.fi\/fi\/customer-satisfaction-vs-customer-loyalty\/\" title=\"Customer Satisfaction vs Customer Loyalty\">Customer Satisfaction vs Customer Loyalty<\/a><\/h5>\n\t\t\t\t<\/div>\n\t\t\t<\/div>\n\t    \n\t\t\t<div class=\"post-header-wrapper\">\n\t\t\t\t<p>Written by Tom Venning tomvenning@outlookcom These notes were adapted from the book \u201cMarket-Led Strategic Change\u201dby Nigel F Piercy, 2002, Butterworth-Heinemann (First published 1991 HarperCollins Publisher) The difference between client satisfaction and loyalty is the...<\/p>\t\t\t    <div class=\"post-button-wrapper\">\n\t\t\t\t    \t\t\t\t\t<a class=\"continue-reading\" href=\"https:\/\/skillhill.fi\/fi\/customer-satisfaction-vs-customer-loyalty\/\" title=\"Customer Satisfaction vs Customer Loyalty\">Continue Reading<span><\/span><\/a>\n\t\t\t\t\t\t\t\t\t    \n\t\t\t\t    \t\t\t    <\/div>\n\t\t\t<\/div>\n\t    <\/div>\n\t    \n\t<\/div>\n\n<\/div>\n<br class=\"clear\"\/>\n<!-- End each blog post -->\n<!-- Begin each blog post -->\n<div class=\"blog-posts-classic post-7016 post type-post status-publish format-standard has-post-thumbnail hentry category-uncategorized\">\n\n\t<div class=\"post-wrapper\">\n\t\t\n\t\t\t\t    <div class=\"post-featured-image static\">\n\t\t\t    \t\t\t    <div class=\"post-featured-image-hover classic\">\n\t\t\t     \t\t\t\t\t     <img decoding=\"async\"  src=\"https:\/\/skillhill.fi\/wp-content\/uploads\/2020\/10\/chrome_GSYPcqJZPN-960x604.png\" class=\"smoove disable_tablet\" alt=\"\"\/>\n\t\t\t\t     \t\t\t     \t\t\t\t     \t<a href=\"https:\/\/skillhill.fi\/fi\/business-cases-for-resilience\/\"><\/a>\n\t\t\t    <\/div>\n\t\t    <\/div>\n\t\t\t    \n\t    <div class=\"post-content-wrapper text-\">\n\t\t    \n\t\t    <div class=\"post-header\">\n\t\t\t    \t\t\t    <div class=\"post-detail single-post\">\n\t\t\t\t    \n\t\t\t    \t<span class=\"post-info-cat\">\n\t\t\t\t\t\t\t\t\t\t\t\t      \t<a href=\"https:\/\/skillhill.fi\/fi\/category\/uncategorized\/\">Uncategorized<\/a>\n\t\t\t\t\t\t\t\t\t    \t<\/span>\n\t\t\t \t<\/div>\n\t\t\t \t\t\t\t\t<div class=\"post-header-title\">\n\t\t\t\t    <h5><a href=\"https:\/\/skillhill.fi\/fi\/business-cases-for-resilience\/\" title=\"Business Cases for Resilience\">Business Cases for Resilience<\/a><\/h5>\n\t\t\t\t<\/div>\n\t\t\t<\/div>\n\t    \n\t\t\t<div class=\"post-header-wrapper\">\n\t\t\t\t<p>The ROI of Building Resilience in Your Organisation A review of current literature reinforces the link between emotional capability, resilience, well-being and the bottom-line impacts of employee absenteeism, stress-related illness and low levels of engagement (ie lack of...<\/p>\t\t\t    <div class=\"post-button-wrapper\">\n\t\t\t\t    \t\t\t\t\t<a class=\"continue-reading\" href=\"https:\/\/skillhill.fi\/fi\/business-cases-for-resilience\/\" title=\"Business Cases for Resilience\">Continue Reading<span><\/span><\/a>\n\t\t\t\t\t\t\t\t\t    \n\t\t\t\t    \t\t\t    <\/div>\n\t\t\t<\/div>\n\t    <\/div>\n\t    \n\t<\/div>\n\n<\/div>\n<br class=\"clear\"\/>\n<!-- End each blog post -->\n<!-- Begin each blog post -->\n<div class=\"blog-posts-classic post-6970 post type-post status-publish format-standard has-post-thumbnail hentry category-career category-direction\">\n\n\t<div class=\"post-wrapper\">\n\t\t\n\t\t\t\t    <div class=\"post-featured-image static\">\n\t\t\t    \t\t\t    <div class=\"post-featured-image-hover classic\">\n\t\t\t     \t\t\t\t\t     <img decoding=\"async\"  src=\"https:\/\/skillhill.fi\/wp-content\/uploads\/2020\/07\/airfocus-f2C59x5uvn8-unsplash-960x604.jpg\" class=\"smoove disable_tablet\" alt=\"Project Management\"\/>\n\t\t\t\t     \t\t\t     \t\t\t\t     \t<a href=\"https:\/\/skillhill.fi\/fi\/project-manager-or-project-leader\/\"><\/a>\n\t\t\t    <\/div>\n\t\t    <\/div>\n\t\t\t    \n\t    <div class=\"post-content-wrapper text-\">\n\t\t    \n\t\t    <div class=\"post-header\">\n\t\t\t    \t\t\t    <div class=\"post-detail single-post\">\n\t\t\t\t    \n\t\t\t    \t<span class=\"post-info-cat\">\n\t\t\t\t\t\t\t\t\t\t\t\t      \t<a href=\"https:\/\/skillhill.fi\/fi\/category\/career\/\">Career<\/a>\n\t\t\t\t\t\t&nbsp;&middot;&nbsp;\t\t\t\t\t\t      \t<a href=\"https:\/\/skillhill.fi\/fi\/category\/direction\/\">Direction<\/a>\n\t\t\t\t\t\t\t\t\t    \t<\/span>\n\t\t\t \t<\/div>\n\t\t\t \t\t\t\t\t<div class=\"post-header-title\">\n\t\t\t\t    <h5><a href=\"https:\/\/skillhill.fi\/fi\/project-manager-or-project-leader\/\" title=\"Project Manager or Project leader?\">Project Manager or Project leader?<\/a><\/h5>\n\t\t\t\t<\/div>\n\t\t\t<\/div>\n\t    \n\t\t\t<div class=\"post-header-wrapper\">\n\t\t\t\t<p>A project manager can invest in the most expensive, efficient project management toolset ever created to make a process run smoother However, without leadership skills, meeting project initiatives and objectives can often prove to be a futile effort The current...<\/p>\t\t\t    <div class=\"post-button-wrapper\">\n\t\t\t\t    \t\t\t\t\t<a class=\"continue-reading\" href=\"https:\/\/skillhill.fi\/fi\/project-manager-or-project-leader\/\" title=\"Project Manager or Project leader?\">Continue Reading<span><\/span><\/a>\n\t\t\t\t\t\t\t\t\t    \n\t\t\t\t    \t\t\t    <\/div>\n\t\t\t<\/div>\n\t    <\/div>\n\t    \n\t<\/div>\n\n<\/div>\n<br class=\"clear\"\/>\n<!-- End each blog post --><\/div>\n<br class=\"clear\"\/>\t\t\t\t<\/div>\n\t\t\t\t<\/div>\n\t\t\t\t\t<\/div>\n\t\t<\/div>\n\t\t\t\t\t<\/div>\n\t\t<\/section>\n\t\t\t\t<section class=\"elementor-section elementor-top-section elementor-element elementor-element-757791c elementor-section-boxed elementor-section-height-default elementor-section-height-default\" data-id=\"757791c\" data-element_type=\"section\" data-e-type=\"section\">\n\t\t\t\t\t\t<div class=\"elementor-container elementor-column-gap-default\">\n\t\t\t\t\t<div class=\"elementor-column elementor-col-100 elementor-top-column elementor-element elementor-element-6adc905\" data-id=\"6adc905\" data-element_type=\"column\" data-e-type=\"column\" data-settings=\"{&quot;avante_ext_is_scrollme&quot;:&quot;false&quot;,&quot;avante_ext_is_smoove&quot;:&quot;false&quot;,&quot;avante_ext_is_parallax_mouse&quot;:&quot;false&quot;,&quot;avante_ext_is_infinite&quot;:&quot;false&quot;}\">\n\t\t\t<div class=\"elementor-widget-wrap elementor-element-populated\">\n\t\t\t\t\t\t<div class=\"elementor-element elementor-element-d8bf0ec elementor-widget elementor-widget-text-editor\" data-id=\"d8bf0ec\" data-element_type=\"widget\" data-e-type=\"widget\" data-settings=\"{&quot;avante_ext_is_scrollme&quot;:&quot;false&quot;,&quot;avante_ext_is_smoove&quot;:&quot;false&quot;,&quot;avante_ext_is_parallax_mouse&quot;:&quot;false&quot;,&quot;avante_ext_is_infinite&quot;:&quot;false&quot;}\" data-widget_type=\"text-editor.default\">\n\t\t\t\t<div class=\"elementor-widget-container\">\n\t\t\t\t\t\t\t\t\t<p>Riippumatta toimialastasi, tied\u00e4mme kaiken yrityksesi kehitysmahdollisuuksista. Haluamme lis\u00e4t\u00e4 niin henkil\u00f6kohtaista kuin ammatillista kasvuanne. Seuraa blogiamme niin pysyt kartalla viimeisimmist\u00e4 liiketoiminnan trendeist\u00e4. Ota my\u00f6s yhteytt\u00e4 ja varaa ilmainen konsultointi. <a href=\"https:\/\/skillhill.fi\/fi\/contact\/\">contact us<\/a> to book a free consultancy.<\/p><p>Meid\u00e4n <a href=\"https:\/\/skillhill.fi\/fi\/our-team\/\">Ammattilaistiimimme<\/a> auttaa ja opastaa sinua saavuttamaan parhaat mahdolliset liiketoimintamahdollisuudet. Nyky\u00e4\u00e4n teill\u00e4 on my\u00f6s tilaisuus seurata <a href=\"https:\/\/skillhill.fi\/fi\/\">Skillhill<\/a>matkaa <a href=\"https:\/\/www.instagram.com\/skill.hill\/?hl=en\">Instagramissa<\/a>. Lue lis\u00e4\u00e4 palveluistamme <u><a href=\"https:\/\/skillhill.fi\/fi\/services\/\">t\u00e4\u00e4lt\u00e4<\/a><\/u><\/p>\t\t\t\t\t\t\t\t<\/div>\n\t\t\t\t<\/div>\n\t\t\t\t\t<\/div>\n\t\t<\/div>\n\t\t\t\t\t<\/div>\n\t\t<\/section>\n\t\t\t\t<\/div>","protected":false},"excerpt":{"rendered":"<p>News The Blog Welcome to our blog! Here you can wind our latest blog releases from our professionals. Get inspired from our tips and thoughts from modern business. Career &nbsp;\u00b7&nbsp; Entrepreneur &nbsp;\u00b7&nbsp; Life 3 Clear Warnings That Say Your Goals [&hellip;]<\/p>\n","protected":false},"author":6,"featured_media":0,"parent":0,"menu_order":0,"comment_status":"closed","ping_status":"closed","template":"","meta":{"footnotes":""},"class_list":["post-3455","page","type-page","status-publish","hentry"],"yoast_head":"<!-- This site is optimized with the Yoast SEO plugin v27.4 - https:\/\/yoast.com\/product\/yoast-seo-wordpress\/ -->\n<title>Blogit \u2013 Kasvun ja muutokset johtaminen \u2013 Upskill Your Business<\/title>\n<meta name=\"description\" content=\"Lue asiantuntijoidemme kirjoittamat blogit ja artikkelit kasvun ja muutoksen johtamisesta sek\u00e4 liiketoiminnan uusista tuulista\" \/>\n<meta name=\"robots\" content=\"index, follow, max-snippet:-1, max-image-preview:large, max-video-preview:-1\" \/>\n<link rel=\"canonical\" href=\"https:\/\/skillhill.fi\/fi\/blogit\/\" \/>\n<meta property=\"og:locale\" content=\"fi_FI\" \/>\n<meta property=\"og:type\" content=\"article\" \/>\n<meta property=\"og:title\" content=\"Blogit \u2013 Kasvun ja muutokset johtaminen \u2013 Upskill Your Business\" \/>\n<meta property=\"og:description\" content=\"Lue asiantuntijoidemme kirjoittamat blogit ja artikkelit kasvun ja muutoksen johtamisesta sek\u00e4 liiketoiminnan uusista tuulista\" \/>\n<meta property=\"og:url\" content=\"https:\/\/skillhill.fi\/fi\/blogit\/\" \/>\n<meta property=\"og:site_name\" content=\"Up Skill Your Business\" \/>\n<meta property=\"article:modified_time\" content=\"2022-10-24T13:57:48+00:00\" \/>\n<meta property=\"og:image\" content=\"https:\/\/skillhill.fi\/wp-content\/uploads\/2019\/04\/mature-business-man-relaxing-at-work-89RAFWT-960x604.jpg\" \/>\n<meta name=\"twitter:card\" content=\"summary_large_image\" \/>\n<meta name=\"twitter:label1\" content=\"Arvioitu lukuaika\" \/>\n\t<meta name=\"twitter:data1\" content=\"1 minuutti\" \/>\n<script type=\"application\/ld+json\" class=\"yoast-schema-graph\">{\"@context\":\"https:\\\/\\\/schema.org\",\"@graph\":[{\"@type\":\"WebPage\",\"@id\":\"https:\\\/\\\/skillhill.fi\\\/fi\\\/blogit\\\/\",\"url\":\"https:\\\/\\\/skillhill.fi\\\/fi\\\/blogit\\\/\",\"name\":\"Blogit \u2013 Kasvun ja muutokset johtaminen \u2013 Upskill Your Business\",\"isPartOf\":{\"@id\":\"https:\\\/\\\/skillhill.fi\\\/fi\\\/#website\"},\"primaryImageOfPage\":{\"@id\":\"https:\\\/\\\/skillhill.fi\\\/fi\\\/blogit\\\/#primaryimage\"},\"image\":{\"@id\":\"https:\\\/\\\/skillhill.fi\\\/fi\\\/blogit\\\/#primaryimage\"},\"thumbnailUrl\":\"https:\\\/\\\/skillhill.fi\\\/wp-content\\\/uploads\\\/2019\\\/04\\\/mature-business-man-relaxing-at-work-89RAFWT-960x604.jpg\",\"datePublished\":\"2019-10-29T04:14:46+00:00\",\"dateModified\":\"2022-10-24T13:57:48+00:00\",\"description\":\"Lue asiantuntijoidemme kirjoittamat blogit ja artikkelit kasvun ja muutoksen johtamisesta sek\u00e4 liiketoiminnan uusista tuulista\",\"breadcrumb\":{\"@id\":\"https:\\\/\\\/skillhill.fi\\\/fi\\\/blogit\\\/#breadcrumb\"},\"inLanguage\":\"fi\",\"potentialAction\":[{\"@type\":\"ReadAction\",\"target\":[\"https:\\\/\\\/skillhill.fi\\\/fi\\\/blogit\\\/\"]}]},{\"@type\":\"ImageObject\",\"inLanguage\":\"fi\",\"@id\":\"https:\\\/\\\/skillhill.fi\\\/fi\\\/blogit\\\/#primaryimage\",\"url\":\"https:\\\/\\\/skillhill.fi\\\/wp-content\\\/uploads\\\/2019\\\/04\\\/mature-business-man-relaxing-at-work-89RAFWT-960x604.jpg\",\"contentUrl\":\"https:\\\/\\\/skillhill.fi\\\/wp-content\\\/uploads\\\/2019\\\/04\\\/mature-business-man-relaxing-at-work-89RAFWT-960x604.jpg\"},{\"@type\":\"BreadcrumbList\",\"@id\":\"https:\\\/\\\/skillhill.fi\\\/fi\\\/blogit\\\/#breadcrumb\",\"itemListElement\":[{\"@type\":\"ListItem\",\"position\":1,\"name\":\"Home\",\"item\":\"https:\\\/\\\/skillhill.fi\\\/fi\\\/\"},{\"@type\":\"ListItem\",\"position\":2,\"name\":\"Blog\"}]},{\"@type\":\"WebSite\",\"@id\":\"https:\\\/\\\/skillhill.fi\\\/fi\\\/#website\",\"url\":\"https:\\\/\\\/skillhill.fi\\\/fi\\\/\",\"name\":\"Up Skill Your Business\",\"description\":\"Co-creating New Optimal\",\"potentialAction\":[{\"@type\":\"SearchAction\",\"target\":{\"@type\":\"EntryPoint\",\"urlTemplate\":\"https:\\\/\\\/skillhill.fi\\\/fi\\\/?s={search_term_string}\"},\"query-input\":{\"@type\":\"PropertyValueSpecification\",\"valueRequired\":true,\"valueName\":\"search_term_string\"}}],\"inLanguage\":\"fi\"}]}<\/script>\n<!-- \/ Yoast SEO plugin. -->","yoast_head_json":{"title":"Blogit \u2013 Kasvun ja muutokset johtaminen \u2013 Upskill Your Business","description":"Lue asiantuntijoidemme kirjoittamat blogit ja artikkelit kasvun ja muutoksen johtamisesta sek\u00e4 liiketoiminnan uusista tuulista","robots":{"index":"index","follow":"follow","max-snippet":"max-snippet:-1","max-image-preview":"max-image-preview:large","max-video-preview":"max-video-preview:-1"},"canonical":"https:\/\/skillhill.fi\/fi\/blogit\/","og_locale":"fi_FI","og_type":"article","og_title":"Blogit \u2013 Kasvun ja muutokset johtaminen \u2013 Upskill Your Business","og_description":"Lue asiantuntijoidemme kirjoittamat blogit ja artikkelit kasvun ja muutoksen johtamisesta sek\u00e4 liiketoiminnan uusista tuulista","og_url":"https:\/\/skillhill.fi\/fi\/blogit\/","og_site_name":"Up Skill Your Business","article_modified_time":"2022-10-24T13:57:48+00:00","og_image":[{"url":"https:\/\/skillhill.fi\/wp-content\/uploads\/2019\/04\/mature-business-man-relaxing-at-work-89RAFWT-960x604.jpg","type":"","width":"","height":""}],"twitter_card":"summary_large_image","twitter_misc":{"Arvioitu lukuaika":"1 minuutti"},"schema":{"@context":"https:\/\/schema.org","@graph":[{"@type":"WebPage","@id":"https:\/\/skillhill.fi\/fi\/blogit\/","url":"https:\/\/skillhill.fi\/fi\/blogit\/","name":"Blogit \u2013 Kasvun ja muutokset johtaminen \u2013 Upskill Your Business","isPartOf":{"@id":"https:\/\/skillhill.fi\/fi\/#website"},"primaryImageOfPage":{"@id":"https:\/\/skillhill.fi\/fi\/blogit\/#primaryimage"},"image":{"@id":"https:\/\/skillhill.fi\/fi\/blogit\/#primaryimage"},"thumbnailUrl":"https:\/\/skillhill.fi\/wp-content\/uploads\/2019\/04\/mature-business-man-relaxing-at-work-89RAFWT-960x604.jpg","datePublished":"2019-10-29T04:14:46+00:00","dateModified":"2022-10-24T13:57:48+00:00","description":"Lue asiantuntijoidemme kirjoittamat blogit ja artikkelit kasvun ja muutoksen johtamisesta sek\u00e4 liiketoiminnan uusista tuulista","breadcrumb":{"@id":"https:\/\/skillhill.fi\/fi\/blogit\/#breadcrumb"},"inLanguage":"fi","potentialAction":[{"@type":"ReadAction","target":["https:\/\/skillhill.fi\/fi\/blogit\/"]}]},{"@type":"ImageObject","inLanguage":"fi","@id":"https:\/\/skillhill.fi\/fi\/blogit\/#primaryimage","url":"https:\/\/skillhill.fi\/wp-content\/uploads\/2019\/04\/mature-business-man-relaxing-at-work-89RAFWT-960x604.jpg","contentUrl":"https:\/\/skillhill.fi\/wp-content\/uploads\/2019\/04\/mature-business-man-relaxing-at-work-89RAFWT-960x604.jpg"},{"@type":"BreadcrumbList","@id":"https:\/\/skillhill.fi\/fi\/blogit\/#breadcrumb","itemListElement":[{"@type":"ListItem","position":1,"name":"Home","item":"https:\/\/skillhill.fi\/fi\/"},{"@type":"ListItem","position":2,"name":"Blog"}]},{"@type":"WebSite","@id":"https:\/\/skillhill.fi\/fi\/#website","url":"https:\/\/skillhill.fi\/fi\/","name":"Up Skill Your Business","description":"Yhdess\u00e4 luomme uuden optimitilan","potentialAction":[{"@type":"SearchAction","target":{"@type":"EntryPoint","urlTemplate":"https:\/\/skillhill.fi\/fi\/?s={search_term_string}"},"query-input":{"@type":"PropertyValueSpecification","valueRequired":true,"valueName":"search_term_string"}}],"inLanguage":"fi"}]}},"_links":{"self":[{"href":"https:\/\/skillhill.fi\/fi\/wp-json\/wp\/v2\/pages\/3455","targetHints":{"allow":["GET"]}}],"collection":[{"href":"https:\/\/skillhill.fi\/fi\/wp-json\/wp\/v2\/pages"}],"about":[{"href":"https:\/\/skillhill.fi\/fi\/wp-json\/wp\/v2\/types\/page"}],"author":[{"embeddable":true,"href":"https:\/\/skillhill.fi\/fi\/wp-json\/wp\/v2\/users\/6"}],"replies":[{"embeddable":true,"href":"https:\/\/skillhill.fi\/fi\/wp-json\/wp\/v2\/comments?post=3455"}],"version-history":[{"count":12,"href":"https:\/\/skillhill.fi\/fi\/wp-json\/wp\/v2\/pages\/3455\/revisions"}],"predecessor-version":[{"id":6957,"href":"https:\/\/skillhill.fi\/fi\/wp-json\/wp\/v2\/pages\/3455\/revisions\/6957"}],"wp:attachment":[{"href":"https:\/\/skillhill.fi\/fi\/wp-json\/wp\/v2\/media?parent=3455"}],"curies":[{"name":"wp","href":"https:\/\/api.w.org\/{rel}","templated":true}]}}